{"id":25,"date":"2014-10-21T15:05:11","date_gmt":"2014-10-21T14:05:11","guid":{"rendered":"http:\/\/localhost\/v4\/en\/?page_id=25"},"modified":"2025-09-30T18:32:48","modified_gmt":"2025-09-30T16:32:48","slug":"yoga-class","status":"publish","type":"page","link":"https:\/\/yoga-ashtanga.net\/en\/yoga-class\/","title":{"rendered":"Yoga Class"},"content":{"rendered":"<p>[glamslider id=&#8217;2&#8242;]<\/p>\n\n\n<div class=\"omsc-box omsc-with-title omsc-with-bg-color omsc-with-icon omsc-icon-style-bg omsc-icon-shape-box\" style=\"background-color:#dd9933;text-align:center;color:#ffffff\"><div class=\"omsc-box-icon-wrapper\"><div class=\"omsc-box-icon\" style=\"background-color:#dd9933;\"><i class=\"fa fa-arrow-circle-down\"><\/i><\/div><\/div><div class=\"omsc-box-inner\"><div class=\"omsc-box-title\">Weekly classes<\/div><\/div><\/div>\n\n\n\n<p>\t\t<div class=\"wpfc-calendar-wrapper\"><form class=\"wpfc-calendar\" id=\"wpfc-calendar-96570\"><\/form><div class=\"wpfc-loading\"><\/div><\/div>\r\n\t\t<div class=\"wpfc-calendar-search\" style=\"display:none;\">\r\n\t\t\t<select  name='event-categories' id='event-categories' class='wpfc-taxonomy event-categories'>\n\t<option value='0' selected='selected'>All Event Categories<\/option>\n<option class=\"level-0\" value=\"12\">#FFFFFF - Yoga class<\/option><option class=\"level-1\" value=\"1158\">&nbsp;&nbsp;&nbsp;#FFFFFF - Intensive Morning<\/option><option class=\"level-1\" value=\"1485\">&nbsp;&nbsp;&nbsp;#a8d144 - Free Yoga Practice<\/option><option class=\"level-0\" value=\"13\">#a8d144 - Events<\/option><option class=\"level-1\" value=\"783\">&nbsp;&nbsp;&nbsp;#a8d144 - Concert<\/option><option class=\"level-1\" value=\"792\">&nbsp;&nbsp;&nbsp;#a8d144 - healthy eating<\/option><option class=\"level-0\" value=\"14\">#a8d144 - Teacher tranning<\/option><option class=\"level-0\" value=\"15\">#a8d144 - Workshop in Greece<\/option><option class=\"level-0\" value=\"16\">#a8d144 - Workshop in India<\/option><option class=\"level-0\" value=\"1591\">#a8d144 - Yoga classes<\/option><\/select>\n\t\t<\/div>\r\n\t\t<script type=\"text\/javascript\">\r\n\t\t\tWPFC.data = {\r\n\t\t\t\taction : 'WP_FullCalendar',\r\n\t\t\t\t'type' : 'event','month' : 3,'year' : 2026,\t\t\t };\r\n\t\t\tWPFC.month = 3;\r\n\t\t\tWPFC.year = 2026;\r\n\t\t<\/script>\r\n\t\t<br><em><span lang=\"en\">The room is equipped with a ventilation system, an air purifier device that measures the air quality with UV treatment<\/span><\/em><\/p>\n\n\n\n<h4 class=\"wp-block-heading\"><i class=\"omsc-icon fa fa-file-text-o\" style=\"\"><\/i> <a href=\"https:\/\/yoga-ashtanga.net\/en\/wp-content\/uploads\/sites\/2\/2025\/09\/Prices-Rates-lessons-Ashtanga-Yoga-Institute-Brussels_2025-2026_EN.pdf\" target=\"_blank\" rel=\"noreferrer noopener\">Course Rates Ashtanga Yoga Institute \u2013 2025 \/ 2026<\/a><\/h4>\n\n\n\n<p><div class=\"omsc-box omsc-with-title omsc-with-bg-color omsc-with-icon omsc-icon-style-bg omsc-icon-shape-box\" style=\"background-color:#dd9933;text-align:center;color:#ffffff\"><div class=\"omsc-box-icon-wrapper\"><div class=\"omsc-box-icon\" style=\"background-color:#dd9933;\"><i class=\"fa fa-arrow-circle-down\"><\/i><\/div><\/div><div class=\"omsc-box-inner\"><div class=\"omsc-box-title\">Intensive mornings<\/div><\/div><\/div><br><div class=\"em em-view-container\" id=\"em-view-699785172\" data-view=\"list\">\r\n\t<div class=\"em pixelbones em-list em-events-list\" id=\"em-events-list-699785172\" data-view-id=\"699785172\">\r\n\t<table cellpadding=\"0\" cellspacing=\"0\" class=\"events-table\" >\r\n    <thead>\r\n        <tr>\r\n\t\t\t<th class=\"event-time\" width=\"150\">Date\/Time<\/th>\r\n\t\t\t<th class=\"event-description\" width=\"*\">Event<\/th>\r\n\t\t<\/tr>\r\n   \t<\/thead>\r\n    <tbody><tr>\r\n\t\t\t<td>\r\n                23\/05\/2026 - 25\/05\/2026<br\/>\r\n                09:00 to 12:00\r\n            <\/td>\r\n            <td>\r\n                <a href=\"https:\/\/yoga-ashtanga.net\/en\/events\/ashtanga-yoga-intensive-morning-we-2026-may-23-24-25ashtanga-yoga-intensive-morning-we-2025-december-06-07-2\/\">Ashtanga yoga intensive morning, WE 2026 May 23, 24, 25<\/a>\r\n                <br\/><i>Ashtanga Yoga Institute, Brussels <\/i>\r\n            <\/td>\r\n        <\/tr><tr>\r\n\t\t\t<td>\r\n                13\/06\/2026 - 14\/06\/2026<br\/>\r\n                09:00 to 12:00\r\n            <\/td>\r\n            <td>\r\n                <a href=\"https:\/\/yoga-ashtanga.net\/en\/events\/ashtanga-yoga-intensive-morning-we-2026-june-13-14\/\">Ashtanga yoga Intensive Morning, WE 2026 June 13 &amp; 14<\/a>\r\n                <br\/><i>Ashtanga Yoga Institute, Brussels <\/i>\r\n            <\/td>\r\n        <\/tr><\/tbody><\/table>\t<\/div>\r\n<\/div><\/p>\n\n\n\n<p><div class=\"omsc-box omsc-with-title omsc-with-bg-color omsc-with-icon omsc-icon-style-bg omsc-icon-shape-box\" style=\"background-color:#dd9933;text-align:center;color:#ffffff\"><div class=\"omsc-box-icon-wrapper\"><div class=\"omsc-box-icon\" style=\"background-color:#dd9933;\"><i class=\"fa fa-arrow-circle-down\"><\/i><\/div><\/div><div class=\"omsc-box-inner\"><div class=\"omsc-box-title\">The practice of yoga <\/div><\/div><\/div><br><ul class=\"lcp_catlist\" id=\"lcp_instance_0\"><li><a href=\"https:\/\/yoga-ashtanga.net\/en\/yoga-teacher-marie-wittock\/\">Yoga teacher Marie Wittock<\/a><a href=\"https:\/\/yoga-ashtanga.net\/en\/yoga-teacher-marie-wittock\/\" title=\"Yoga teacher Marie Wittock\"><img loading=\"lazy\" decoding=\"async\" width=\"150\" height=\"150\" src=\"https:\/\/yoga-ashtanga.net\/en\/wp-content\/uploads\/sites\/2\/2018\/02\/dsc_04496000x2700-150x150.jpg\" class=\"lcp_thumbnail wp-post-image\" alt=\"Yoga teacher Marie Wittock\" \/><\/a><\/li><li><a href=\"https:\/\/yoga-ashtanga.net\/en\/the-sequence-of-rhythmic-postures-the-sun-salutation\/\">The sequence of rhythmic postures: the sun salutation<\/a><a href=\"https:\/\/yoga-ashtanga.net\/en\/the-sequence-of-rhythmic-postures-the-sun-salutation\/\" title=\"The sequence of rhythmic postures: the sun salutation\"><img loading=\"lazy\" decoding=\"async\" width=\"150\" height=\"150\" src=\"https:\/\/yoga-ashtanga.net\/en\/wp-content\/uploads\/sites\/2\/2014\/11\/calque-salutation-soleil-150x150.jpg\" class=\"lcp_thumbnail wp-post-image\" alt=\"The sequence of rhythmic postures: the sun salutation\" \/><\/a><\/li><li><a href=\"https:\/\/yoga-ashtanga.net\/en\/information-about-the-ashtanga-yoga-classes\/\">Information about Ashtanga Yoga classes<\/a><a href=\"https:\/\/yoga-ashtanga.net\/en\/information-about-the-ashtanga-yoga-classes\/\" title=\"Information about Ashtanga Yoga classes\"><img loading=\"lazy\" decoding=\"async\" width=\"150\" height=\"150\" src=\"https:\/\/yoga-ashtanga.net\/en\/wp-content\/uploads\/sites\/2\/2014\/11\/pre-pratique-150x150.jpg\" class=\"lcp_thumbnail wp-post-image\" alt=\"Information about Ashtanga Yoga classes\" \/><\/a><\/li><li><a href=\"https:\/\/yoga-ashtanga.net\/en\/addressing-and-coming-out-of-a-posture-in-ashtanga-yoga-practice-vinyasa-krama\/\">Addressing and coming out of a posture in Ashtanga Yoga practice &hellip;<\/a><a href=\"https:\/\/yoga-ashtanga.net\/en\/addressing-and-coming-out-of-a-posture-in-ashtanga-yoga-practice-vinyasa-krama\/\" title=\"Addressing and coming out of a posture in Ashtanga Yoga practice (Viny\u0101sa Krama)\"><img loading=\"lazy\" decoding=\"async\" width=\"150\" height=\"150\" src=\"https:\/\/yoga-ashtanga.net\/en\/wp-content\/uploads\/sites\/2\/2014\/11\/calque-vinyasa-150x150.jpg\" class=\"lcp_thumbnail wp-post-image\" alt=\"Addressing and coming out of a posture in Ashtanga Yoga practice (Viny\u0101sa Krama)\" \/><\/a><\/li><li><a href=\"https:\/\/yoga-ashtanga.net\/en\/focused-gaze-in-the-yoga-asana-drishti\/\">Focused gaze in the Yoga asana (Drishti)<\/a><a href=\"https:\/\/yoga-ashtanga.net\/en\/focused-gaze-in-the-yoga-asana-drishti\/\" title=\"Focused gaze in the Yoga asana (Drishti)\"><img loading=\"lazy\" decoding=\"async\" width=\"150\" height=\"150\" src=\"https:\/\/yoga-ashtanga.net\/en\/wp-content\/uploads\/sites\/2\/2014\/11\/calque-drishti-150x150.jpg\" class=\"lcp_thumbnail wp-post-image\" alt=\"Focused gaze in the Yoga asana (Drishti)\" \/><\/a><\/li><li><a href=\"https:\/\/yoga-ashtanga.net\/en\/breathing-adjusted-to-the-ashtanga-yoga-practice-ujjayi-pranayama\/\">Breathing adjusted to the Ashtanga Yoga practice Ujj\u00e3yi Pr\u00e3n\u00e3y&hellip;<\/a><a href=\"https:\/\/yoga-ashtanga.net\/en\/breathing-adjusted-to-the-ashtanga-yoga-practice-ujjayi-pranayama\/\" title=\"Breathing adjusted to the Ashtanga Yoga practice Ujj\u00e3yi Pr\u00e3n\u00e3y\u00e3ma\"><img loading=\"lazy\" decoding=\"async\" width=\"150\" height=\"150\" src=\"https:\/\/yoga-ashtanga.net\/en\/wp-content\/uploads\/sites\/2\/2014\/11\/calque-pranayama-150x150.jpg\" class=\"lcp_thumbnail wp-post-image\" alt=\"Breathing adjusted to the Ashtanga Yoga practice Ujj\u00e3yi Pr\u00e3n\u00e3y\u00e3ma\" \/><\/a><\/li><li><a href=\"https:\/\/yoga-ashtanga.net\/en\/abdominal-control-u%e1%b8%8d%e1%b8%8diyana\/\">Abdominal control, U\u1e0d\u1e0diy\u0101na<\/a><a href=\"https:\/\/yoga-ashtanga.net\/en\/abdominal-control-u%e1%b8%8d%e1%b8%8diyana\/\" title=\"Abdominal control, U\u1e0d\u1e0diy\u0101na\"><img loading=\"lazy\" decoding=\"async\" width=\"150\" height=\"150\" src=\"https:\/\/yoga-ashtanga.net\/en\/wp-content\/uploads\/sites\/2\/2014\/11\/calque-le-controle-abdominal-150x150.jpg\" class=\"lcp_thumbnail wp-post-image\" alt=\"Abdominal control, U\u1e0d\u1e0diy\u0101na\" \/><\/a><\/li><li><a href=\"https:\/\/yoga-ashtanga.net\/en\/pelvic-floor-muscle-positioning-during-the-practice-mula-bandha\/\">Pelvic floor muscle positioning during the practice (M\u016bla Bandha&hellip;<\/a><a href=\"https:\/\/yoga-ashtanga.net\/en\/pelvic-floor-muscle-positioning-during-the-practice-mula-bandha\/\" title=\"Pelvic floor muscle positioning during the practice (M\u016bla Bandha)\"><img loading=\"lazy\" decoding=\"async\" width=\"150\" height=\"150\" src=\"https:\/\/yoga-ashtanga.net\/en\/wp-content\/uploads\/sites\/2\/2014\/11\/calque-positionnement-musculaire_en-150x150.jpg\" class=\"lcp_thumbnail wp-post-image\" alt=\"Pelvic floor muscle positioning during the practice (M\u016bla Bandha)\" \/><\/a><\/li><li><a href=\"https:\/\/yoga-ashtanga.net\/en\/the-three-points-in-the-ashtanga-yoga-practice\/\">The three points in the Ashtanga Yoga practice<\/a><a href=\"https:\/\/yoga-ashtanga.net\/en\/the-three-points-in-the-ashtanga-yoga-practice\/\" title=\"The three points in the Ashtanga Yoga practice\"><img loading=\"lazy\" decoding=\"async\" width=\"150\" height=\"150\" src=\"https:\/\/yoga-ashtanga.net\/en\/wp-content\/uploads\/sites\/2\/2014\/10\/calque-les-trois-points-150x150.jpg\" class=\"lcp_thumbnail wp-post-image\" alt=\"The three points in the Ashtanga Yoga practice\" \/><\/a><\/li><li><a href=\"https:\/\/yoga-ashtanga.net\/en\/invocations-or-chants-in-ashtanga-yoga-practice\/\">Invocations or chants in Ashtanga Yoga practice<\/a><a href=\"https:\/\/yoga-ashtanga.net\/en\/invocations-or-chants-in-ashtanga-yoga-practice\/\" title=\"Invocations or chants in Ashtanga Yoga practice\"><img loading=\"lazy\" decoding=\"async\" width=\"150\" height=\"150\" src=\"https:\/\/yoga-ashtanga.net\/en\/wp-content\/uploads\/sites\/2\/2014\/10\/calque-les-invocations-150x150.jpg\" class=\"lcp_thumbnail wp-post-image\" alt=\"Invocations or chants in Ashtanga Yoga practice\" \/><\/a><\/li><\/ul><\/p>\n\n\n\n<p><div class=\"omsc-box omsc-with-title omsc-with-bg-color omsc-with-icon omsc-icon-style-bg omsc-icon-shape-box\" style=\"background-color:#dd9933;text-align:center;color:#ffffff\"><div class=\"omsc-box-icon-wrapper\"><div class=\"omsc-box-icon\" style=\"background-color:#dd9933;\"><i class=\"fa fa-arrow-circle-down\"><\/i><\/div><\/div><div class=\"omsc-box-inner\"><div class=\"omsc-box-title\">The Course<\/div><\/div><\/div><br><ul class=\"lcp_catlist\" id=\"lcp_instance_0\"><li><a href=\"https:\/\/yoga-ashtanga.net\/en\/yoga-teacher-dorothee-mendel\/\">Yoga teacher Doroth\u00e9e Mendel<\/a><a href=\"https:\/\/yoga-ashtanga.net\/en\/yoga-teacher-dorothee-mendel\/\" title=\"Yoga teacher Doroth\u00e9e Mendel\"><img loading=\"lazy\" decoding=\"async\" width=\"150\" height=\"150\" src=\"https:\/\/yoga-ashtanga.net\/en\/wp-content\/uploads\/sites\/2\/2018\/10\/048a1289-150x150.jpg\" class=\"lcp_thumbnail wp-post-image\" alt=\"Yoga teacher Doroth\u00e9e Mendel\" \/><\/a><\/li><li><a href=\"https:\/\/yoga-ashtanga.net\/en\/individual-yoga-classes-for-pregnant-women\/\">Individual yoga classes for pregnant women<\/a><a href=\"https:\/\/yoga-ashtanga.net\/en\/individual-yoga-classes-for-pregnant-women\/\" title=\"Individual yoga classes for pregnant women\"><img loading=\"lazy\" decoding=\"async\" width=\"150\" height=\"150\" src=\"https:\/\/yoga-ashtanga.net\/en\/wp-content\/uploads\/sites\/2\/2014\/11\/calque-femmes-enceintes-150x150.jpg\" class=\"lcp_thumbnail wp-post-image\" alt=\"Individual yoga classes for pregnant women\" \/><\/a><\/li><li><a href=\"https:\/\/yoga-ashtanga.net\/en\/individual-yoga-classes-for-beginners-or-for-advanced-practitioners-wishing-to-get-specific-coaching\/\">Individual yoga classes for beginners or for advanced practitione&hellip;<\/a><a href=\"https:\/\/yoga-ashtanga.net\/en\/individual-yoga-classes-for-beginners-or-for-advanced-practitioners-wishing-to-get-specific-coaching\/\" title=\"Individual yoga classes for beginners or for advanced practitioners (wishing to get specific coaching)\"><img loading=\"lazy\" decoding=\"async\" width=\"150\" height=\"150\" src=\"https:\/\/yoga-ashtanga.net\/en\/wp-content\/uploads\/sites\/2\/2014\/11\/calque-cours-particulier-150x150.jpg\" class=\"lcp_thumbnail wp-post-image\" alt=\"Individual yoga classes for beginners or for advanced practitioners (wishing to get specific coaching)\" \/><\/a><\/li><li><a href=\"https:\/\/yoga-ashtanga.net\/en\/prices-for-the-lessons-at-the-ashtanga-yoga-institute-of-brussels\/\">Prices for the lessons Yoga Ashtanga Institute 2025\/2026<\/a><a href=\"https:\/\/yoga-ashtanga.net\/en\/prices-for-the-lessons-at-the-ashtanga-yoga-institute-of-brussels\/\" title=\"Prices for the lessons Yoga Ashtanga Institute 2025\/2026\"><img loading=\"lazy\" decoding=\"async\" width=\"150\" height=\"150\" src=\"https:\/\/yoga-ashtanga.net\/en\/wp-content\/uploads\/sites\/2\/2014\/11\/ashtanga-tarif_048a9679-150x150.jpg\" class=\"lcp_thumbnail wp-post-image\" alt=\"Prices for the lessons Yoga Ashtanga Institute 2025\/2026\" \/><\/a><\/li><li><a href=\"https:\/\/yoga-ashtanga.net\/en\/the-ashtanga-yoga-institute-studio-in-brussels\/\">The Ashtanga Yoga Institute studio in Brussels<\/a><a href=\"https:\/\/yoga-ashtanga.net\/en\/the-ashtanga-yoga-institute-studio-in-brussels\/\" title=\"The Ashtanga Yoga Institute studio in Brussels\"><img loading=\"lazy\" decoding=\"async\" width=\"150\" height=\"150\" src=\"https:\/\/yoga-ashtanga.net\/en\/wp-content\/uploads\/sites\/2\/2014\/11\/calque-la-salle-d-ashtanga-yoga-150x150.jpg\" class=\"lcp_thumbnail wp-post-image\" alt=\"The Ashtanga Yoga Institute studio in Brussels\" \/><\/a><\/li><li><a href=\"https:\/\/yoga-ashtanga.net\/en\/become-an-ashtanga-yoga-professor-thanks-to-the-training-given-by-the-ashtanga-yoga-institute-in-brussels\/\">Become an Ashtanga Yoga professor thanks to the training given by&hellip;<\/a><a href=\"https:\/\/yoga-ashtanga.net\/en\/become-an-ashtanga-yoga-professor-thanks-to-the-training-given-by-the-ashtanga-yoga-institute-in-brussels\/\" title=\"Become an Ashtanga Yoga professor thanks to the training given by the Ashtanga Yoga Institute in Brussels\"><img loading=\"lazy\" decoding=\"async\" width=\"150\" height=\"150\" src=\"https:\/\/yoga-ashtanga.net\/en\/wp-content\/uploads\/sites\/2\/2014\/11\/calque-teacher-training-blak-150x150.jpg\" class=\"lcp_thumbnail wp-post-image\" alt=\"Become an Ashtanga Yoga professor thanks to the training given by the Ashtanga Yoga Institute in Brussels\" \/><\/a><\/li><\/ul><\/p>\n\n\n\n<p><div class=\"omsc-box omsc-with-title omsc-with-bg-color omsc-with-icon omsc-icon-style-bg omsc-icon-shape-box\" style=\"background-color:#dd9933;text-align:center;color:#ffffff\"><div class=\"omsc-box-icon-wrapper\"><div class=\"omsc-box-icon\" style=\"background-color:#dd9933;\"><i class=\"fa fa-arrow-circle-down\"><\/i><\/div><\/div><div class=\"omsc-box-inner\"><div class=\"omsc-box-title\">Teachers at&nbsp;the Institute<\/div><\/div><\/div><br><ul class=\"lcp_catlist\" id=\"lcp_instance_0\"><li><a href=\"https:\/\/yoga-ashtanga.net\/en\/yoga-teacher-marie-wittock\/\">Yoga teacher Marie Wittock<\/a><a href=\"https:\/\/yoga-ashtanga.net\/en\/yoga-teacher-marie-wittock\/\" title=\"Yoga teacher Marie Wittock\"><img loading=\"lazy\" decoding=\"async\" width=\"150\" height=\"150\" src=\"https:\/\/yoga-ashtanga.net\/en\/wp-content\/uploads\/sites\/2\/2018\/02\/dsc_04496000x2700-150x150.jpg\" class=\"lcp_thumbnail wp-post-image\" alt=\"Yoga teacher Marie Wittock\" \/><\/a><\/li><li><a href=\"https:\/\/yoga-ashtanga.net\/en\/yoga-teacher-louise-babar\/\">Yoga teacher Louise Babar<\/a><a href=\"https:\/\/yoga-ashtanga.net\/en\/yoga-teacher-louise-babar\/\" title=\"Yoga teacher Louise Babar\"><img loading=\"lazy\" decoding=\"async\" width=\"150\" height=\"150\" src=\"https:\/\/yoga-ashtanga.net\/en\/wp-content\/uploads\/sites\/2\/2016\/06\/louise-150x150.jpg\" class=\"lcp_thumbnail wp-post-image\" alt=\"Yoga teacher Louise Babar\" \/><\/a><\/li><li><a href=\"https:\/\/yoga-ashtanga.net\/en\/replacement-yogateacher-simon-de-wrangel\/\">Replacement YogaTeacher Simon De Wrangel<\/a><a href=\"https:\/\/yoga-ashtanga.net\/en\/replacement-yogateacher-simon-de-wrangel\/\" title=\"Replacement YogaTeacher Simon De Wrangel\"><img loading=\"lazy\" decoding=\"async\" width=\"150\" height=\"150\" src=\"https:\/\/yoga-ashtanga.net\/en\/wp-content\/uploads\/sites\/2\/2014\/12\/simon-de-wrangel2-150x150.jpg\" class=\"lcp_thumbnail wp-post-image\" alt=\"Replacement YogaTeacher Simon De Wrangel\" \/><\/a><\/li><li><a href=\"https:\/\/yoga-ashtanga.net\/en\/yoga-alternate-teacher-annette-pedde-training\/\">Yoga teacher, Annette Pedde<\/a><a href=\"https:\/\/yoga-ashtanga.net\/en\/yoga-alternate-teacher-annette-pedde-training\/\" title=\"Yoga teacher, Annette Pedde\"><img loading=\"lazy\" decoding=\"async\" width=\"150\" height=\"150\" src=\"https:\/\/yoga-ashtanga.net\/en\/wp-content\/uploads\/sites\/2\/2014\/12\/calque-annette-150x150.jpg\" class=\"lcp_thumbnail wp-post-image\" alt=\"Yoga teacher, Annette Pedde\" \/><\/a><\/li><li><a href=\"https:\/\/yoga-ashtanga.net\/en\/yoga-teacher-bernadette-stiernet\/\">Yoga teacher Bernadette Stiernet<\/a><a href=\"https:\/\/yoga-ashtanga.net\/en\/yoga-teacher-bernadette-stiernet\/\" title=\"Yoga teacher Bernadette Stiernet\"><img loading=\"lazy\" decoding=\"async\" width=\"150\" height=\"150\" src=\"https:\/\/yoga-ashtanga.net\/en\/wp-content\/uploads\/sites\/2\/2014\/12\/calque-bernadette-150x150.jpg\" class=\"lcp_thumbnail wp-post-image\" alt=\"Yoga teacher Bernadette Stiernet\" \/><\/a><\/li><li><a href=\"https:\/\/yoga-ashtanga.net\/en\/replacement-yoga-teacher-catherine-devogel\/\">Yoga Teacher Catherine Delvosal<\/a><a href=\"https:\/\/yoga-ashtanga.net\/en\/replacement-yoga-teacher-catherine-devogel\/\" title=\"Yoga Teacher Catherine Delvosal\"><img loading=\"lazy\" decoding=\"async\" width=\"150\" height=\"150\" src=\"https:\/\/yoga-ashtanga.net\/en\/wp-content\/uploads\/sites\/2\/2014\/12\/calque-catherine-150x150.jpg\" class=\"lcp_thumbnail wp-post-image\" alt=\"Yoga Teacher Catherine Delvosal\" \/><\/a><\/li><li><a href=\"https:\/\/yoga-ashtanga.net\/en\/yoga-replacement-teacher-ivan-knipping\/\">Yoga replacement teacher Ivan Knipping<\/a><a href=\"https:\/\/yoga-ashtanga.net\/en\/yoga-replacement-teacher-ivan-knipping\/\" title=\"Yoga replacement teacher Ivan Knipping\"><img loading=\"lazy\" decoding=\"async\" width=\"150\" height=\"150\" src=\"https:\/\/yoga-ashtanga.net\/en\/wp-content\/uploads\/sites\/2\/2014\/12\/calque-ivan-150x150.jpg\" class=\"lcp_thumbnail wp-post-image\" alt=\"Yoga replacement teacher Ivan Knipping\" \/><\/a><\/li><li><a href=\"https:\/\/yoga-ashtanga.net\/en\/yoga-teacher-jan-janssen\/\">Yoga teacher Jan Janssen<\/a><a href=\"https:\/\/yoga-ashtanga.net\/en\/yoga-teacher-jan-janssen\/\" title=\"Yoga teacher Jan Janssen\"><img loading=\"lazy\" decoding=\"async\" width=\"150\" height=\"150\" src=\"https:\/\/yoga-ashtanga.net\/en\/wp-content\/uploads\/sites\/2\/2014\/12\/calque-jan_janssen-150x150.jpg\" class=\"lcp_thumbnail wp-post-image\" alt=\"Yoga teacher Jan Janssen\" \/><\/a><\/li><li><a href=\"https:\/\/yoga-ashtanga.net\/en\/jean-claude-garnier\/\">Jean Claude Garnier<\/a><a href=\"https:\/\/yoga-ashtanga.net\/en\/jean-claude-garnier\/\" title=\"Jean Claude Garnier\"><img loading=\"lazy\" decoding=\"async\" width=\"150\" height=\"150\" src=\"https:\/\/yoga-ashtanga.net\/en\/wp-content\/uploads\/sites\/2\/2014\/12\/calque-jc-varanasi-150x150.jpg\" class=\"lcp_thumbnail wp-post-image\" alt=\"Jean Claude Garnier\" \/><\/a><\/li><li><a href=\"https:\/\/yoga-ashtanga.net\/en\/yoga-teacher-remy-mendelzweig\/\">Yoga teacher R\u00e9my Mendelzweig<\/a><a href=\"https:\/\/yoga-ashtanga.net\/en\/yoga-teacher-remy-mendelzweig\/\" title=\"Yoga teacher R\u00e9my Mendelzweig\"><img loading=\"lazy\" decoding=\"async\" width=\"150\" height=\"150\" src=\"https:\/\/yoga-ashtanga.net\/en\/wp-content\/uploads\/sites\/2\/2014\/12\/remy-150x150.jpeg\" class=\"lcp_thumbnail wp-post-image\" alt=\"Yoga teacher R\u00e9my Mendelzweig\" \/><\/a><\/li><li><a href=\"https:\/\/yoga-ashtanga.net\/en\/yoga-teacher-sergine-laloux\/\">Yoga teacher Sergine Laloux<\/a><a href=\"https:\/\/yoga-ashtanga.net\/en\/yoga-teacher-sergine-laloux\/\" title=\"Yoga teacher Sergine Laloux\"><img loading=\"lazy\" decoding=\"async\" width=\"150\" height=\"150\" src=\"https:\/\/yoga-ashtanga.net\/en\/wp-content\/uploads\/sites\/2\/2014\/12\/calque-sergine-news-150x150.jpg\" class=\"lcp_thumbnail wp-post-image\" alt=\"Yoga teacher Sergine Laloux\" \/><\/a><\/li><\/ul><\/p>\n","protected":false},"excerpt":{"rendered":"<p>The room is equipped with a ventilation system, an air purifier device that measures the air quality with UV treatment Course Rates Ashtanga Yoga Institute \u2013 2025 \/ 2026<\/p>\n","protected":false},"author":1,"featured_media":0,"parent":0,"menu_order":0,"comment_status":"closed","ping_status":"open","template":"","meta":{"footnotes":""},"class_list":["post-25","page","type-page","status-publish","hentry"],"_links":{"self":[{"href":"https:\/\/yoga-ashtanga.net\/en\/wp-json\/wp\/v2\/pages\/25"}],"collection":[{"href":"https:\/\/yoga-ashtanga.net\/en\/wp-json\/wp\/v2\/pages"}],"about":[{"href":"https:\/\/yoga-ashtanga.net\/en\/wp-json\/wp\/v2\/types\/page"}],"author":[{"embeddable":true,"href":"https:\/\/yoga-ashtanga.net\/en\/wp-json\/wp\/v2\/users\/1"}],"replies":[{"embeddable":true,"href":"https:\/\/yoga-ashtanga.net\/en\/wp-json\/wp\/v2\/comments?post=25"}],"version-history":[{"count":40,"href":"https:\/\/yoga-ashtanga.net\/en\/wp-json\/wp\/v2\/pages\/25\/revisions"}],"predecessor-version":[{"id":12838,"href":"https:\/\/yoga-ashtanga.net\/en\/wp-json\/wp\/v2\/pages\/25\/revisions\/12838"}],"wp:attachment":[{"href":"https:\/\/yoga-ashtanga.net\/en\/wp-json\/wp\/v2\/media?parent=25"}],"curies":[{"name":"wp","href":"https:\/\/api.w.org\/{rel}","templated":true}]}}